{"id":9226,"date":"2026-01-19T08:13:52","date_gmt":"2026-01-19T08:13:52","guid":{"rendered":"https:\/\/www.gastimpex.hu\/hu\/?page_id=9226"},"modified":"2026-01-19T08:22:19","modified_gmt":"2026-01-19T08:22:19","slug":"szechenyi-terv-rrf","status":"publish","type":"page","link":"https:\/\/www.gastimpex.hu\/hu\/szechenyi-terv-rrf\/","title":{"rendered":"RRF-REP-10.10.1-24-2025-07167"},"content":{"rendered":"<div class=\"wpb-content-wrapper\"><p>[vc_row][vc_column][vc_column_text css=&#8221;&#8221;]<!-- WordPress HTML blokk --><\/p>\n<div class=\"projekt-blokk\" style=\"position: relative; border: 1px solid #e5e5e5; padding: 24px; border-radius: 8px; background: #ffffff;\">\n<p><!-- Jobb fels\u0151 sarok k\u00e9p --><br \/>\n<img decoding=\"async\" style=\"position: absolute; top: 16px; right: 16px; width: 40%; height: auto; max-width: 320px;\" src=\"https:\/\/www.gastimpex.hu\/hu\/wp-content\/uploads\/2019\/11\/szechenyi-terv-plusz.jpg\" alt=\"Sz\u00e9chenyi Terv Plusz\" \/><\/p>\n<h2 style=\"margin-top: 0; padding-right: 34%;\">Projektinform\u00e1ci\u00f3k<\/h2>\n<div style=\"padding-right: 34%;\">\n<p><strong>Kedvezm\u00e9nyezett:<\/strong> Gastimpex Hung\u00e1ria Kft<\/p>\n<p><strong>Projekt c\u00edme:<\/strong> Elektromobilit\u00e1s fejleszt\u00e9se a GASTIMPEX HUNG\u00c1RIA KFT-n\u00e9l elnevez\u00e9s\u0171 RRF_REP-10.10.1-24.<\/p>\n<p><strong>Projekt azonos\u00edt\u00f3 sz\u00e1ma:<\/strong> RRF-REP-10.10.1-24-2025-07167<\/p>\n<p><strong>Szerz\u0151d\u00f6tt t\u00e1mogat\u00e1s \u00f6sszege:<\/strong> 3.600.000 Ft<\/p>\n<p><strong>T\u00e1mogat\u00e1s m\u00e9rt\u00e9ke:<\/strong> 27%<\/p>\n<p><strong>Projekt tartalm\u00e1nak bemutat\u00e1sa:<\/strong><br \/>\nA GASTIMPEX HUNG\u00c1RIA Kft. az RRF-REP-10.10.1-24 azonos\u00edt\u00f3sz\u00e1m\u00fa projekt keret\u00e9ben elektromos meghajt\u00e1s\u00fa g\u00e9pj\u00e1rm\u0171 beszerz\u00e9s\u00e9t val\u00f3s\u00edtotta meg j\u00e1rm\u0171parkj\u00e1nak k\u00f6rnyezetbar\u00e1t fejleszt\u00e9se \u00e9rdek\u00e9ben. A beruh\u00e1z\u00e1s hozz\u00e1j\u00e1rul a fenntarthat\u00f3 m\u0171k\u00f6d\u00e9shez, a k\u00e1rosanyag-kibocs\u00e1t\u00e1s cs\u00f6kkent\u00e9s\u00e9hez \u00e9s az energiahat\u00e9kony k\u00f6zleked\u00e9s elterjed\u00e9s\u00e9hez. A projekt megval\u00f3s\u00edt\u00e1s\u00e1t 3,6 milli\u00f3 forint vissza nem t\u00e9r\u00edtend\u0151 t\u00e1mogat\u00e1s seg\u00edtette.<\/p>\n<p><strong>Projekt v\u00e1rhat\u00f3 befejez\u00e9si d\u00e1tuma:<\/strong> 2025.12.31<\/p>\n<p><img decoding=\"async\" class=\"alignnone size-full wp-image-9230\" src=\"https:\/\/www.gastimpex.hu\/hu\/wp-content\/uploads\/2026\/01\/gastimpex-rrf.jpg\" alt=\"\" width=\"70%\" height=\"70%\" srcset=\"https:\/\/www.gastimpex.hu\/hu\/wp-content\/uploads\/2026\/01\/gastimpex-rrf.jpg 1190w, https:\/\/www.gastimpex.hu\/hu\/wp-content\/uploads\/2026\/01\/gastimpex-rrf-300x212.jpg 300w, https:\/\/www.gastimpex.hu\/hu\/wp-content\/uploads\/2026\/01\/gastimpex-rrf-1024x724.jpg 1024w, https:\/\/www.gastimpex.hu\/hu\/wp-content\/uploads\/2026\/01\/gastimpex-rrf-768x543.jpg 768w\" sizes=\"(max-width: 1190px) 100vw, 1190px\" \/><\/p>\n<\/div>\n<\/div>\n<p>[\/vc_column_text][\/vc_column][\/vc_row]<\/p>\n<\/div>","protected":false},"excerpt":{"rendered":"<p>[vc_row][vc_column][vc_column_text css=&#8221;&#8221;] Projektinform\u00e1ci\u00f3k Kedvezm\u00e9nyezett: Gastimpex Hung\u00e1ria Kft Projekt c\u00edme: Elektromobilit\u00e1s fejleszt\u00e9se a GASTIMPEX HUNG\u00c1RIA KFT-n\u00e9l elnevez\u00e9s\u0171 RRF_REP-10.10.1-24. Projekt azonos\u00edt\u00f3 sz\u00e1ma: RRF-REP-10.10.1-24-2025-07167 Szerz\u0151d\u00f6tt t\u00e1mogat\u00e1s \u00f6sszege: 3.600.000 Ft T\u00e1mogat\u00e1s m\u00e9rt\u00e9ke: 27% Projekt tartalm\u00e1nak bemutat\u00e1sa: A GASTIMPEX HUNG\u00c1RIA Kft. az RRF-REP-10.10.1-24 azonos\u00edt\u00f3sz\u00e1m\u00fa projekt keret\u00e9ben elektromos meghajt\u00e1s\u00fa g\u00e9pj\u00e1rm\u0171 beszerz\u00e9s\u00e9t&#8230;<\/p>\n","protected":false},"author":1,"featured_media":0,"parent":0,"menu_order":0,"comment_status":"closed","ping_status":"closed","template":"","meta":{"footnotes":""},"class_list":["post-9226","page","type-page","status-publish","hentry"],"yoast_head":"<!-- This site is optimized with the Yoast SEO plugin v24.5 - https:\/\/yoast.com\/wordpress\/plugins\/seo\/ -->\n<title>RRF-REP-10.10.1-24-2025-07167 - Gastimpex<\/title>\n<meta name=\"robots\" content=\"index, follow, max-snippet:-1, max-image-preview:large, max-video-preview:-1\" \/>\n<link rel=\"canonical\" href=\"https:\/\/www.gastimpex.hu\/hu\/szechenyi-terv-rrf\/\" \/>\n<meta property=\"og:locale\" content=\"hu_HU\" \/>\n<meta property=\"og:type\" content=\"article\" \/>\n<meta property=\"og:title\" content=\"RRF-REP-10.10.1-24-2025-07167 - Gastimpex\" \/>\n<meta property=\"og:description\" content=\"[vc_row][vc_column][vc_column_text css=&#8221;&#8221;] Projektinform\u00e1ci\u00f3k Kedvezm\u00e9nyezett: Gastimpex Hung\u00e1ria Kft Projekt c\u00edme: Elektromobilit\u00e1s fejleszt\u00e9se a GASTIMPEX HUNG\u00c1RIA KFT-n\u00e9l elnevez\u00e9s\u0171 RRF_REP-10.10.1-24. Projekt azonos\u00edt\u00f3 sz\u00e1ma: RRF-REP-10.10.1-24-2025-07167 Szerz\u0151d\u00f6tt t\u00e1mogat\u00e1s \u00f6sszege: 3.600.000 Ft T\u00e1mogat\u00e1s m\u00e9rt\u00e9ke: 27% Projekt tartalm\u00e1nak bemutat\u00e1sa: A GASTIMPEX HUNG\u00c1RIA Kft. az RRF-REP-10.10.1-24 azonos\u00edt\u00f3sz\u00e1m\u00fa projekt keret\u00e9ben elektromos meghajt\u00e1s\u00fa g\u00e9pj\u00e1rm\u0171 beszerz\u00e9s\u00e9t...\" \/>\n<meta property=\"og:url\" content=\"https:\/\/www.gastimpex.hu\/hu\/szechenyi-terv-rrf\/\" \/>\n<meta property=\"og:site_name\" content=\"Gastimpex\" \/>\n<meta property=\"article:publisher\" content=\"https:\/\/facebook.com\/gastimpex\" \/>\n<meta property=\"article:modified_time\" content=\"2026-01-19T08:22:19+00:00\" \/>\n<meta property=\"og:image\" content=\"https:\/\/www.gastimpex.hu\/hu\/wp-content\/uploads\/2019\/11\/szechenyi-terv-plusz.jpg\" \/>\n<meta name=\"twitter:card\" content=\"summary_large_image\" \/>\n<meta name=\"twitter:label1\" content=\"Becs\u00fclt olvas\u00e1si id\u0151\" \/>\n\t<meta name=\"twitter:data1\" content=\"17 perc\" \/>\n<script type=\"application\/ld+json\" class=\"yoast-schema-graph\">{\"@context\":\"https:\/\/schema.org\",\"@graph\":[{\"@type\":\"WebPage\",\"@id\":\"https:\/\/www.gastimpex.hu\/hu\/szechenyi-terv-rrf\/\",\"url\":\"https:\/\/www.gastimpex.hu\/hu\/szechenyi-terv-rrf\/\",\"name\":\"RRF-REP-10.10.1-24-2025-07167 - Gastimpex\",\"isPartOf\":{\"@id\":\"https:\/\/www.gastimpex.hu\/hu\/#website\"},\"primaryImageOfPage\":{\"@id\":\"https:\/\/www.gastimpex.hu\/hu\/szechenyi-terv-rrf\/#primaryimage\"},\"image\":{\"@id\":\"https:\/\/www.gastimpex.hu\/hu\/szechenyi-terv-rrf\/#primaryimage\"},\"thumbnailUrl\":\"https:\/\/www.gastimpex.hu\/hu\/wp-content\/uploads\/2019\/11\/szechenyi-terv-plusz.jpg\",\"datePublished\":\"2026-01-19T08:13:52+00:00\",\"dateModified\":\"2026-01-19T08:22:19+00:00\",\"breadcrumb\":{\"@id\":\"https:\/\/www.gastimpex.hu\/hu\/szechenyi-terv-rrf\/#breadcrumb\"},\"inLanguage\":\"hu\",\"potentialAction\":[{\"@type\":\"ReadAction\",\"target\":[\"https:\/\/www.gastimpex.hu\/hu\/szechenyi-terv-rrf\/\"]}]},{\"@type\":\"ImageObject\",\"inLanguage\":\"hu\",\"@id\":\"https:\/\/www.gastimpex.hu\/hu\/szechenyi-terv-rrf\/#primaryimage\",\"url\":\"https:\/\/www.gastimpex.hu\/hu\/wp-content\/uploads\/2019\/11\/szechenyi-terv-plusz.jpg\",\"contentUrl\":\"https:\/\/www.gastimpex.hu\/hu\/wp-content\/uploads\/2019\/11\/szechenyi-terv-plusz.jpg\",\"width\":1339,\"height\":400},{\"@type\":\"BreadcrumbList\",\"@id\":\"https:\/\/www.gastimpex.hu\/hu\/szechenyi-terv-rrf\/#breadcrumb\",\"itemListElement\":[{\"@type\":\"ListItem\",\"position\":1,\"name\":\"Home\",\"item\":\"https:\/\/www.gastimpex.hu\/hu\/\"},{\"@type\":\"ListItem\",\"position\":2,\"name\":\"RRF-REP-10.10.1-24-2025-07167\"}]},{\"@type\":\"WebSite\",\"@id\":\"https:\/\/www.gastimpex.hu\/hu\/#website\",\"url\":\"https:\/\/www.gastimpex.hu\/hu\/\",\"name\":\"Gastimpex\",\"description\":\"Ipari konyhatechnol\u00f3gia, h\u0171t\u00e1stechnol\u00f3gia \u00e9s p\u00e1ly\u00e1zatkezel\u00e9s.\",\"publisher\":{\"@id\":\"https:\/\/www.gastimpex.hu\/hu\/#organization\"},\"potentialAction\":[{\"@type\":\"SearchAction\",\"target\":{\"@type\":\"EntryPoint\",\"urlTemplate\":\"https:\/\/www.gastimpex.hu\/hu\/?s={search_term_string}\"},\"query-input\":{\"@type\":\"PropertyValueSpecification\",\"valueRequired\":true,\"valueName\":\"search_term_string\"}}],\"inLanguage\":\"hu\"},{\"@type\":\"Organization\",\"@id\":\"https:\/\/www.gastimpex.hu\/hu\/#organization\",\"name\":\"Gastimpex Kft.\",\"url\":\"https:\/\/www.gastimpex.hu\/hu\/\",\"logo\":{\"@type\":\"ImageObject\",\"inLanguage\":\"hu\",\"@id\":\"https:\/\/www.gastimpex.hu\/hu\/#\/schema\/logo\/image\/\",\"url\":\"\",\"contentUrl\":\"\",\"caption\":\"Gastimpex Kft.\"},\"image\":{\"@id\":\"https:\/\/www.gastimpex.hu\/hu\/#\/schema\/logo\/image\/\"},\"sameAs\":[\"https:\/\/facebook.com\/gastimpex\"]}]}<\/script>\n<!-- \/ Yoast SEO plugin. -->","yoast_head_json":{"title":"RRF-REP-10.10.1-24-2025-07167 - Gastimpex","robots":{"index":"index","follow":"follow","max-snippet":"max-snippet:-1","max-image-preview":"max-image-preview:large","max-video-preview":"max-video-preview:-1"},"canonical":"https:\/\/www.gastimpex.hu\/hu\/szechenyi-terv-rrf\/","og_locale":"hu_HU","og_type":"article","og_title":"RRF-REP-10.10.1-24-2025-07167 - Gastimpex","og_description":"[vc_row][vc_column][vc_column_text css=&#8221;&#8221;] Projektinform\u00e1ci\u00f3k Kedvezm\u00e9nyezett: Gastimpex Hung\u00e1ria Kft Projekt c\u00edme: Elektromobilit\u00e1s fejleszt\u00e9se a GASTIMPEX HUNG\u00c1RIA KFT-n\u00e9l elnevez\u00e9s\u0171 RRF_REP-10.10.1-24. Projekt azonos\u00edt\u00f3 sz\u00e1ma: RRF-REP-10.10.1-24-2025-07167 Szerz\u0151d\u00f6tt t\u00e1mogat\u00e1s \u00f6sszege: 3.600.000 Ft T\u00e1mogat\u00e1s m\u00e9rt\u00e9ke: 27% Projekt tartalm\u00e1nak bemutat\u00e1sa: A GASTIMPEX HUNG\u00c1RIA Kft. az RRF-REP-10.10.1-24 azonos\u00edt\u00f3sz\u00e1m\u00fa projekt keret\u00e9ben elektromos meghajt\u00e1s\u00fa g\u00e9pj\u00e1rm\u0171 beszerz\u00e9s\u00e9t...","og_url":"https:\/\/www.gastimpex.hu\/hu\/szechenyi-terv-rrf\/","og_site_name":"Gastimpex","article_publisher":"https:\/\/facebook.com\/gastimpex","article_modified_time":"2026-01-19T08:22:19+00:00","og_image":[{"url":"https:\/\/www.gastimpex.hu\/hu\/wp-content\/uploads\/2019\/11\/szechenyi-terv-plusz.jpg","type":"","width":"","height":""}],"twitter_card":"summary_large_image","twitter_misc":{"Becs\u00fclt olvas\u00e1si id\u0151":"17 perc"},"schema":{"@context":"https:\/\/schema.org","@graph":[{"@type":"WebPage","@id":"https:\/\/www.gastimpex.hu\/hu\/szechenyi-terv-rrf\/","url":"https:\/\/www.gastimpex.hu\/hu\/szechenyi-terv-rrf\/","name":"RRF-REP-10.10.1-24-2025-07167 - Gastimpex","isPartOf":{"@id":"https:\/\/www.gastimpex.hu\/hu\/#website"},"primaryImageOfPage":{"@id":"https:\/\/www.gastimpex.hu\/hu\/szechenyi-terv-rrf\/#primaryimage"},"image":{"@id":"https:\/\/www.gastimpex.hu\/hu\/szechenyi-terv-rrf\/#primaryimage"},"thumbnailUrl":"https:\/\/www.gastimpex.hu\/hu\/wp-content\/uploads\/2019\/11\/szechenyi-terv-plusz.jpg","datePublished":"2026-01-19T08:13:52+00:00","dateModified":"2026-01-19T08:22:19+00:00","breadcrumb":{"@id":"https:\/\/www.gastimpex.hu\/hu\/szechenyi-terv-rrf\/#breadcrumb"},"inLanguage":"hu","potentialAction":[{"@type":"ReadAction","target":["https:\/\/www.gastimpex.hu\/hu\/szechenyi-terv-rrf\/"]}]},{"@type":"ImageObject","inLanguage":"hu","@id":"https:\/\/www.gastimpex.hu\/hu\/szechenyi-terv-rrf\/#primaryimage","url":"https:\/\/www.gastimpex.hu\/hu\/wp-content\/uploads\/2019\/11\/szechenyi-terv-plusz.jpg","contentUrl":"https:\/\/www.gastimpex.hu\/hu\/wp-content\/uploads\/2019\/11\/szechenyi-terv-plusz.jpg","width":1339,"height":400},{"@type":"BreadcrumbList","@id":"https:\/\/www.gastimpex.hu\/hu\/szechenyi-terv-rrf\/#breadcrumb","itemListElement":[{"@type":"ListItem","position":1,"name":"Home","item":"https:\/\/www.gastimpex.hu\/hu\/"},{"@type":"ListItem","position":2,"name":"RRF-REP-10.10.1-24-2025-07167"}]},{"@type":"WebSite","@id":"https:\/\/www.gastimpex.hu\/hu\/#website","url":"https:\/\/www.gastimpex.hu\/hu\/","name":"Gastimpex","description":"Ipari konyhatechnol\u00f3gia, h\u0171t\u00e1stechnol\u00f3gia \u00e9s p\u00e1ly\u00e1zatkezel\u00e9s.","publisher":{"@id":"https:\/\/www.gastimpex.hu\/hu\/#organization"},"potentialAction":[{"@type":"SearchAction","target":{"@type":"EntryPoint","urlTemplate":"https:\/\/www.gastimpex.hu\/hu\/?s={search_term_string}"},"query-input":{"@type":"PropertyValueSpecification","valueRequired":true,"valueName":"search_term_string"}}],"inLanguage":"hu"},{"@type":"Organization","@id":"https:\/\/www.gastimpex.hu\/hu\/#organization","name":"Gastimpex Kft.","url":"https:\/\/www.gastimpex.hu\/hu\/","logo":{"@type":"ImageObject","inLanguage":"hu","@id":"https:\/\/www.gastimpex.hu\/hu\/#\/schema\/logo\/image\/","url":"","contentUrl":"","caption":"Gastimpex Kft."},"image":{"@id":"https:\/\/www.gastimpex.hu\/hu\/#\/schema\/logo\/image\/"},"sameAs":["https:\/\/facebook.com\/gastimpex"]}]}},"_links":{"self":[{"href":"https:\/\/www.gastimpex.hu\/hu\/wp-json\/wp\/v2\/pages\/9226","targetHints":{"allow":["GET"]}}],"collection":[{"href":"https:\/\/www.gastimpex.hu\/hu\/wp-json\/wp\/v2\/pages"}],"about":[{"href":"https:\/\/www.gastimpex.hu\/hu\/wp-json\/wp\/v2\/types\/page"}],"author":[{"embeddable":true,"href":"https:\/\/www.gastimpex.hu\/hu\/wp-json\/wp\/v2\/users\/1"}],"replies":[{"embeddable":true,"href":"https:\/\/www.gastimpex.hu\/hu\/wp-json\/wp\/v2\/comments?post=9226"}],"version-history":[{"count":4,"href":"https:\/\/www.gastimpex.hu\/hu\/wp-json\/wp\/v2\/pages\/9226\/revisions"}],"predecessor-version":[{"id":9231,"href":"https:\/\/www.gastimpex.hu\/hu\/wp-json\/wp\/v2\/pages\/9226\/revisions\/9231"}],"wp:attachment":[{"href":"https:\/\/www.gastimpex.hu\/hu\/wp-json\/wp\/v2\/media?parent=9226"}],"curies":[{"name":"wp","href":"https:\/\/api.w.org\/{rel}","templated":true}]}}